{"id":7974,"date":"2017-04-25T12:06:14","date_gmt":"2017-04-25T09:06:14","guid":{"rendered":"http:\/\/demomedyaajansi35.com\/rondi\/?page_id=7974"},"modified":"2017-05-10T15:40:37","modified_gmt":"2017-05-10T12:40:37","slug":"kilometre-taslari","status":"publish","type":"page","link":"https:\/\/www.rondi.com.tr\/fr\/kilometre-taslari\/","title":{"rendered":"\u00c9TAPES"},"content":{"rendered":"<p>[vc_row][vc_column][vc_column_text]<div class=\"tm_timeline tm_timeline-layout-vertical tm_timeline-layout-vertical-chessOrder\">\r\n\r\n\t<div class=\"tm_timeline__container\">\r\n\r\n\t\t<div class=\"tm_timeline__body\">\r\n\r\n\t\t\t<div class=\"tm_timeline__tense\"><\/div>\r\n\r\n\t\t\r\n\t\t\t\t<div class=\"tm_timeline__event tm_timeline__event-odd\">\r\n\t\t\t\t\t\t\t\t\t\t<div class=\"tm_timeline__event__dot\"><\/div>\r\n\t\t\t\t\t\t\t\t\t\t<div class=\"tm_timeline__event__date\">1986<\/div>\r\n\t\t\t\t\t\t\t\t\t\t\t<div class=\"tm_timeline__event__title\">\r\n\t\t\t\t\t\t\tIl a \u00e9t\u00e9 fond\u00e9 \u00e0 \u0130zmir un atelier.\t\t\t\t\t\t<\/div>\r\n\t\t\t\t\t\t\t\t\t\t<div class=\"tm_timeline__event__description\">\r\n\t\t\t\t\t\t\t\t\t\t\t<\/div>\r\n\t\t\t\t<\/div>\r\n\r\n\t\t\t\t\t\t\t\r\n\t\t\t\t<div class=\"tm_timeline__event tm_timeline__event-even\">\r\n\t\t\t\t\t\t\t\t\t\t<div class=\"tm_timeline__event__dot\"><\/div>\r\n\t\t\t\t\t\t\t\t\t\t<div class=\"tm_timeline__event__date\">1986<\/div>\r\n\t\t\t\t\t\t\t\t\t\t\t<div class=\"tm_timeline__event__title\">\r\n\t\t\t\t\t\t\tProduction de 5 ch\u00e2ssis par semaine avec 3 personnes.\t\t\t\t\t\t<\/div>\r\n\t\t\t\t\t\t\t\t\t\t<div class=\"tm_timeline__event__description\">\r\n\t\t\t\t\t\t\t\t\t\t\t<\/div>\r\n\t\t\t\t<\/div>\r\n\r\n\t\t\t\t\t\t\t\r\n\t\t\t\t<div class=\"tm_timeline__event tm_timeline__event-odd\">\r\n\t\t\t\t\t\t\t\t\t\t<div class=\"tm_timeline__event__dot\"><\/div>\r\n\t\t\t\t\t\t\t\t\t\t<div class=\"tm_timeline__event__date\">1987<\/div>\r\n\t\t\t\t\t\t\t\t\t\t\t<div class=\"tm_timeline__event__title\">\r\n\t\t\t\t\t\t\tLes r\u00e9gions de l&#039;\u00c9g\u00e9e et de l&#039;Anatolie Centrale ont commenc\u00e9 \u00e0 \u00eatre une production de squelette.\t\t\t\t\t\t<\/div>\r\n\t\t\t\t\t\t\t\t\t\t<div class=\"tm_timeline__event__description\">\r\n\t\t\t\t\t\t\t\t\t\t\t<\/div>\r\n\t\t\t\t<\/div>\r\n\r\n\t\t\t\t\t\t\t\r\n\t\t\t\t<div class=\"tm_timeline__event tm_timeline__event-even\">\r\n\t\t\t\t\t\t\t\t\t\t<div class=\"tm_timeline__event__dot\"><\/div>\r\n\t\t\t\t\t\t\t\t\t\t<div class=\"tm_timeline__event__date\">1987<\/div>\r\n\t\t\t\t\t\t\t\t\t\t\t<div class=\"tm_timeline__event__title\">\r\n\t\t\t\t\t\t\tLe deuxi\u00e8me moulin a \u00e9t\u00e9 ouvert \u00e0 Karaba\u011flar.\t\t\t\t\t\t<\/div>\r\n\t\t\t\t\t\t\t\t\t\t<div class=\"tm_timeline__event__description\">\r\n\t\t\t\t\t\t\t\t\t\t\t<\/div>\r\n\t\t\t\t<\/div>\r\n\r\n\t\t\t\t\t\t\t\r\n\t\t\t\t<div class=\"tm_timeline__event tm_timeline__event-odd\">\r\n\t\t\t\t\t\t\t\t\t\t<div class=\"tm_timeline__event__dot\"><\/div>\r\n\t\t\t\t\t\t\t\t\t\t<div class=\"tm_timeline__event__date\">1989<\/div>\r\n\t\t\t\t\t\t\t\t\t\t\t<div class=\"tm_timeline__event__title\">\r\n\t\t\t\t\t\t\tLa production de squelettes en Turquie a d\u00e9but\u00e9.\t\t\t\t\t\t<\/div>\r\n\t\t\t\t\t\t\t\t\t\t<div class=\"tm_timeline__event__description\">\r\n\t\t\t\t\t\t\t\t\t\t\t<\/div>\r\n\t\t\t\t<\/div>\r\n\r\n\t\t\t\t\t\t\t\r\n\t\t\t\t<div class=\"tm_timeline__event tm_timeline__event-even\">\r\n\t\t\t\t\t\t\t\t\t\t<div class=\"tm_timeline__event__dot\"><\/div>\r\n\t\t\t\t\t\t\t\t\t\t<div class=\"tm_timeline__event__date\">1989<\/div>\r\n\t\t\t\t\t\t\t\t\t\t\t<div class=\"tm_timeline__event__title\">\r\n\t\t\t\t\t\t\tLe troisi\u00e8me atelier ouvert au Karaba\u011flar.\t\t\t\t\t\t<\/div>\r\n\t\t\t\t\t\t\t\t\t\t<div class=\"tm_timeline__event__description\">\r\n\t\t\t\t\t\t\t\t\t\t\t<\/div>\r\n\t\t\t\t<\/div>\r\n\r\n\t\t\t\t\t\t\t\r\n\t\t\t\t<div class=\"tm_timeline__event tm_timeline__event-odd\">\r\n\t\t\t\t\t\t\t\t\t\t<div class=\"tm_timeline__event__dot\"><\/div>\r\n\t\t\t\t\t\t\t\t\t\t<div class=\"tm_timeline__event__date\">1992<\/div>\r\n\t\t\t\t\t\t\t\t\t\t\t<div class=\"tm_timeline__event__title\">\r\n\t\t\t\t\t\t\tLe cadre de si\u00e8ge, donne la parole.\t\t\t\t\t\t<\/div>\r\n\t\t\t\t\t\t\t\t\t\t<div class=\"tm_timeline__event__description\">\r\n\t\t\t\t\t\t\t\t\t\t\t<\/div>\r\n\t\t\t\t<\/div>\r\n\r\n\t\t\t\t\t\t\t\r\n\t\t\t\t<div class=\"tm_timeline__event tm_timeline__event-even\">\r\n\t\t\t\t\t\t\t\t\t\t<div class=\"tm_timeline__event__dot\"><\/div>\r\n\t\t\t\t\t\t\t\t\t\t<div class=\"tm_timeline__event__date\">1992<\/div>\r\n\t\t\t\t\t\t\t\t\t\t\t<div class=\"tm_timeline__event__title\">\r\n\t\t\t\t\t\t\tNous avons commenc\u00e9 \u00e0 envoyer nos produits avec nos propres outils.\t\t\t\t\t\t<\/div>\r\n\t\t\t\t\t\t\t\t\t\t<div class=\"tm_timeline__event__description\">\r\n\t\t\t\t\t\t\t\t\t\t\t<\/div>\r\n\t\t\t\t<\/div>\r\n\r\n\t\t\t\t\t\t\t\r\n\t\t\t\t<div class=\"tm_timeline__event tm_timeline__event-odd\">\r\n\t\t\t\t\t\t\t\t\t\t<div class=\"tm_timeline__event__dot\"><\/div>\r\n\t\t\t\t\t\t\t\t\t\t<div class=\"tm_timeline__event__date\">1994<\/div>\r\n\t\t\t\t\t\t\t\t\t\t\t<div class=\"tm_timeline__event__title\">\r\n\t\t\t\t\t\t\tUne boutique au d\u00e9tail de 5 \u00e9tages a ouvert ses portes au Karaba\u011flar.\t\t\t\t\t\t<\/div>\r\n\t\t\t\t\t\t\t\t\t\t<div class=\"tm_timeline__event__description\">\r\n\t\t\t\t\t\t\t\t\t\t\t<\/div>\r\n\t\t\t\t<\/div>\r\n\r\n\t\t\t\t\t\t\t\r\n\t\t\t\t<div class=\"tm_timeline__event tm_timeline__event-even\">\r\n\t\t\t\t\t\t\t\t\t\t<div class=\"tm_timeline__event__dot\"><\/div>\r\n\t\t\t\t\t\t\t\t\t\t<div class=\"tm_timeline__event__date\">1997<\/div>\r\n\t\t\t\t\t\t\t\t\t\t\t<div class=\"tm_timeline__event__title\">\r\n\t\t\t\t\t\t\tNous avons ajout\u00e9 2 autres v\u00e9hicules de transport \u00e0 notre entreprise afin de r\u00e9pondre \u00e0 l&#039;am\u00e9lioration constante du nombre de clients.\t\t\t\t\t\t<\/div>\r\n\t\t\t\t\t\t\t\t\t\t<div class=\"tm_timeline__event__description\">\r\n\t\t\t\t\t\t\t\t\t\t\t<\/div>\r\n\t\t\t\t<\/div>\r\n\r\n\t\t\t\t\t\t\t\r\n\t\t\t\t<div class=\"tm_timeline__event tm_timeline__event-odd\">\r\n\t\t\t\t\t\t\t\t\t\t<div class=\"tm_timeline__event__dot\"><\/div>\r\n\t\t\t\t\t\t\t\t\t\t<div class=\"tm_timeline__event__date\">1998<\/div>\r\n\t\t\t\t\t\t\t\t\t\t\t<div class=\"tm_timeline__event__title\">\r\n\t\t\t\t\t\t\tAu Karaba\u011flar, la premi\u00e8re \u00e9tape a \u00e9t\u00e9 franchie dans le syst\u00e8me d&#039;usine de 3500 m\u00e8tres carr\u00e9s de b\u00e2timents \u00e0 plusieurs \u00e9tages.\t\t\t\t\t\t<\/div>\r\n\t\t\t\t\t\t\t\t\t\t<div class=\"tm_timeline__event__description\">\r\n\t\t\t\t\t\t\t\t\t\t\t<\/div>\r\n\t\t\t\t<\/div>\r\n\r\n\t\t\t\t\t\t\t\r\n\t\t\t\t<div class=\"tm_timeline__event tm_timeline__event-even\">\r\n\t\t\t\t\t\t\t\t\t\t<div class=\"tm_timeline__event__dot\"><\/div>\r\n\t\t\t\t\t\t\t\t\t\t<div class=\"tm_timeline__event__date\">2002<\/div>\r\n\t\t\t\t\t\t\t\t\t\t\t<div class=\"tm_timeline__event__title\">\r\n\t\t\t\t\t\t\tNous avons ouvert notre deuxi\u00e8me magasin au Karaba\u011flar.\t\t\t\t\t\t<\/div>\r\n\t\t\t\t\t\t\t\t\t\t<div class=\"tm_timeline__event__description\">\r\n\t\t\t\t\t\t\t\t\t\t\t<\/div>\r\n\t\t\t\t<\/div>\r\n\r\n\t\t\t\t\t\t\t\r\n\t\t\t\t<div class=\"tm_timeline__event tm_timeline__event-odd\">\r\n\t\t\t\t\t\t\t\t\t\t<div class=\"tm_timeline__event__dot\"><\/div>\r\n\t\t\t\t\t\t\t\t\t\t<div class=\"tm_timeline__event__date\">2003<\/div>\r\n\t\t\t\t\t\t\t\t\t\t\t<div class=\"tm_timeline__event__title\">\r\n\t\t\t\t\t\t\tNous avons achet\u00e9 un nouveau b\u00e2timent d&#039;exposition dans le but de monter le pyjama dans la &quot;Ville de K\u0131skk\u00f6y Mobilya.&quot;\t\t\t\t\t\t<\/div>\r\n\t\t\t\t\t\t\t\t\t\t<div class=\"tm_timeline__event__description\">\r\n\t\t\t\t\t\t\t\t\t\t\t<\/div>\r\n\t\t\t\t<\/div>\r\n\r\n\t\t\t\t\t\t\t\r\n\t\t\t\t<div class=\"tm_timeline__event tm_timeline__event-even\">\r\n\t\t\t\t\t\t\t\t\t\t<div class=\"tm_timeline__event__dot\"><\/div>\r\n\t\t\t\t\t\t\t\t\t\t<div class=\"tm_timeline__event__date\">2004<\/div>\r\n\t\t\t\t\t\t\t\t\t\t\t<div class=\"tm_timeline__event__title\">\r\n\t\t\t\t\t\t\tLe but de l&#039;\u00e9tablissement d&#039;une usine de production dans la r\u00e9gion de Torbal\u0131 Yaz\u0131ba\u015f\u0131 et le terrain de 15 000 m\u00e8tres carr\u00e9s ont \u00e9t\u00e9 achet\u00e9s.\t\t\t\t\t\t<\/div>\r\n\t\t\t\t\t\t\t\t\t\t<div class=\"tm_timeline__event__description\">\r\n\t\t\t\t\t\t\t\t\t\t\t<\/div>\r\n\t\t\t\t<\/div>\r\n\r\n\t\t\t\t\t\t\t\r\n\t\t\t\t<div class=\"tm_timeline__event tm_timeline__event-odd\">\r\n\t\t\t\t\t\t\t\t\t\t<div class=\"tm_timeline__event__dot\"><\/div>\r\n\t\t\t\t\t\t\t\t\t\t<div class=\"tm_timeline__event__date\">2009<\/div>\r\n\t\t\t\t\t\t\t\t\t\t\t<div class=\"tm_timeline__event__title\">\r\n\t\t\t\t\t\t\tLa construction de l&#039;usine a commenc\u00e9.\t\t\t\t\t\t<\/div>\r\n\t\t\t\t\t\t\t\t\t\t<div class=\"tm_timeline__event__description\">\r\n\t\t\t\t\t\t\t\t\t\t\t<\/div>\r\n\t\t\t\t<\/div>\r\n\r\n\t\t\t\t\t\t\t\r\n\t\t\t\t<div class=\"tm_timeline__event tm_timeline__event-even\">\r\n\t\t\t\t\t\t\t\t\t\t<div class=\"tm_timeline__event__dot\"><\/div>\r\n\t\t\t\t\t\t\t\t\t\t<div class=\"tm_timeline__event__date\">2010<\/div>\r\n\t\t\t\t\t\t\t\t\t\t\t<div class=\"tm_timeline__event__title\">\r\n\t\t\t\t\t\t\tLa nouvelle installation de production est entr\u00e9e en service.\t\t\t\t\t\t<\/div>\r\n\t\t\t\t\t\t\t\t\t\t<div class=\"tm_timeline__event__description\">\r\n\t\t\t\t\t\t\t\t\t\t\t<\/div>\r\n\t\t\t\t<\/div>\r\n\r\n\t\t\t\t\t\t\t\r\n\t\t\t\t<div class=\"tm_timeline__event tm_timeline__event-odd\">\r\n\t\t\t\t\t\t\t\t\t\t<div class=\"tm_timeline__event__dot\"><\/div>\r\n\t\t\t\t\t\t\t\t\t\t<div class=\"tm_timeline__event__date\">2010<\/div>\r\n\t\t\t\t\t\t\t\t\t\t\t<div class=\"tm_timeline__event__title\">\r\n\t\t\t\t\t\t\tDeux autres v\u00e9hicules de transport ont \u00e9t\u00e9 achet\u00e9s pour que l&#039;entreprise atteigne la capacit\u00e9 accrue.\t\t\t\t\t\t<\/div>\r\n\t\t\t\t\t\t\t\t\t\t<div class=\"tm_timeline__event__description\">\r\n\t\t\t\t\t\t\t\t\t\t\t<\/div>\r\n\t\t\t\t<\/div>\r\n\r\n\t\t\t\t\t\t\t\r\n\t\t\t\t<div class=\"tm_timeline__event tm_timeline__event-even\">\r\n\t\t\t\t\t\t\t\t\t\t<div class=\"tm_timeline__event__dot\"><\/div>\r\n\t\t\t\t\t\t\t\t\t\t<div class=\"tm_timeline__event__date\">2018<\/div>\r\n\t\t\t\t\t\t\t\t\t\t\t<div class=\"tm_timeline__event__title\">\r\n\t\t\t\t\t\t\t(Turkish) Yatak, baza ve ba\u015fl\u0131k \u00fcretimine ba\u015fland\u0131\t\t\t\t\t\t<\/div>\r\n\t\t\t\t\t\t\t\t\t\t<div class=\"tm_timeline__event__description\">\r\n\t\t\t\t\t\t\t\t\t\t\t<\/div>\r\n\t\t\t\t<\/div>\r\n\r\n\t\t\t\t\t\t\t\t\t\t\r\n\t\t<\/div>\r\n\t<\/div>\r\n<\/div>\r\n[\/vc_column_text][\/vc_column][\/vc_row]<\/p>\n","protected":false},"excerpt":{"rendered":"<p>[vc_row][vc_column][vc_column_text][\/vc_column_text][\/vc_column][\/vc_row]<\/p>\n","protected":false},"author":1,"featured_media":0,"parent":0,"menu_order":0,"comment_status":"closed","ping_status":"closed","template":"","meta":{"om_disable_all_campaigns":false,"_monsterinsights_skip_tracking":false,"_monsterinsights_sitenote_active":false,"_monsterinsights_sitenote_note":"","_monsterinsights_sitenote_category":0},"aioseo_notices":[],"_links":{"self":[{"href":"https:\/\/www.rondi.com.tr\/fr\/wp-json\/wp\/v2\/pages\/7974"}],"collection":[{"href":"https:\/\/www.rondi.com.tr\/fr\/wp-json\/wp\/v2\/pages"}],"about":[{"href":"https:\/\/www.rondi.com.tr\/fr\/wp-json\/wp\/v2\/types\/page"}],"author":[{"embeddable":true,"href":"https:\/\/www.rondi.com.tr\/fr\/wp-json\/wp\/v2\/users\/1"}],"replies":[{"embeddable":true,"href":"https:\/\/www.rondi.com.tr\/fr\/wp-json\/wp\/v2\/comments?post=7974"}],"version-history":[{"count":7,"href":"https:\/\/www.rondi.com.tr\/fr\/wp-json\/wp\/v2\/pages\/7974\/revisions"}],"predecessor-version":[{"id":8336,"href":"https:\/\/www.rondi.com.tr\/fr\/wp-json\/wp\/v2\/pages\/7974\/revisions\/8336"}],"wp:attachment":[{"href":"https:\/\/www.rondi.com.tr\/fr\/wp-json\/wp\/v2\/media?parent=7974"}],"curies":[{"name":"wp","href":"https:\/\/api.w.org\/{rel}","templated":true}]}}