{"id":7929,"date":"2017-04-14T17:53:36","date_gmt":"2017-04-14T14:53:36","guid":{"rendered":"http:\/\/demomedyaajansi35.com\/rondi\/?page_id=7929"},"modified":"2023-05-16T17:58:21","modified_gmt":"2023-05-16T14:58:21","slug":"vizyon-misyon","status":"publish","type":"page","link":"https:\/\/www.rondi.com.tr\/fr\/vizyon-misyon\/","title":{"rendered":"VISION &#8211; MISSION"},"content":{"rendered":"<p>[vc_row][vc_column width=\u00a0\u00bb1\/2&Prime;][vc_column_text]<\/p>\n<h4><span style=\"color: #000000;\">La vision d&rsquo;am\u00e9lioration continue aujourd&rsquo;hui sa position de succ\u00e8s atteint \u00eatre le meilleur Rond dans le domaine de l&rsquo;activit\u00e9; personnel exp\u00e9riment\u00e9, dynamique et comp\u00e9tente, les entrepreneurs, est de produire de haute qualit\u00e9 et d&rsquo;excellents produits et une approche ax\u00e9e sur le client avec le bon sens.<\/span><\/h4>\n<p>[\/vc_column_text][\/vc_column][vc_column width=\u00a0\u00bb1\/2&Prime; css=\u00a0\u00bb.vc_custom_1493106569679{background-image: url(http:\/\/demomedyaajansi35.com\/rondi\/wp-content\/uploads\/2017\/04\/rondi-vizyon-img.jpg?id=7953) !important;}\u00a0\u00bb][vc_custom_heading text=\u00a0\u00bbVISION\u00a0\u00bb font_container=\u00a0\u00bbtag:h2|text_align:center|color:%23ffffff\u00a0\u00bb google_fonts=\u00a0\u00bbfont_family:Open%20Sans%3A300%2C300italic%2Cregular%2Citalic%2C600%2C600italic%2C700%2C700italic%2C800%2C800italic|font_style:300%20light%20regular%3A300%3Anormal\u00a0\u00bb css_animation=\u00a0\u00bbbounceInDown\u00a0\u00bb css=\u00a0\u00bb.vc_custom_1494418855527{padding-top: 100px !important;padding-bottom: 100px !important;background-image: url(http:\/\/www.rondi.com.tr\/wp-content\/uploads\/2017\/04\/rondi-vizyon-img.jpg?id=7953) !important;background-position: center !important;background-repeat: no-repeat !important;background-size: cover !important;}\u00a0\u00bb][\/vc_column][\/vc_row][vc_row css=\u00a0\u00bb.vc_custom_1492182276748{margin-bottom: 50px !important;}\u00a0\u00bb][vc_column width=\u00a0\u00bb1\/2&Prime; css=\u00a0\u00bb.vc_custom_1493283614511{background-image: url(http:\/\/demomedyaajansi35.com\/rondi\/wp-content\/uploads\/2017\/04\/rondi-misyon-img-2.jpg?id=8129) !important;}\u00a0\u00bb][vc_custom_heading text=\u00a0\u00bbMISSION\u00a0\u00bb font_container=\u00a0\u00bbtag:h2|text_align:center|color:%23ffffff\u00a0\u00bb google_fonts=\u00a0\u00bbfont_family:Open%20Sans%3A300%2C300italic%2Cregular%2Citalic%2C600%2C600italic%2C700%2C700italic%2C800%2C800italic|font_style:300%20light%20regular%3A300%3Anormal\u00a0\u00bb css_animation=\u00a0\u00bbbounceInUp\u00a0\u00bb css=\u00a0\u00bb.vc_custom_1494418860567{padding-top: 100px !important;padding-bottom: 100px !important;background-image: url(http:\/\/www.rondi.com.tr\/wp-content\/uploads\/2017\/04\/rondi-misyon-img-2.jpg?id=8129) !important;background-position: center !important;background-repeat: no-repeat !important;background-size: cover !important;}\u00a0\u00bb][\/vc_column][vc_column width=\u00a0\u00bb1\/2&Prime;][vc_column_text]<\/p>\n<h4><span style=\"color: #000000;\">Mission d&rsquo;entreprise de Rondine en tant que soci\u00e9t\u00e9 ax\u00e9e sur les innovations en mati\u00e8re d&rsquo;innovation qui profitent \u00e0 ses clients et les pays sugg\u00e8re qui incarne l&rsquo;engagement \u00e0 produire. De ce point de notre entreprise est de d\u00e9couvrir des innovations efficaces dans les secteurs de l&rsquo;industrie et des affaires. Ces innovations et d\u00e9veloppements sur les march\u00e9s cibles et l&rsquo;importance est d&rsquo;\u00eatre efficace.<\/span><\/h4>\n<p>[\/vc_column_text][\/vc_column][\/vc_row]<\/p>","protected":false},"excerpt":{"rendered":"<p>[vc_row][vc_column width=\u00a0\u00bb1\/2&Prime;][vc_column_text] La vision d&rsquo;am\u00e9lioration continue aujourd&rsquo;hui sa position de succ\u00e8s atteint \u00eatre le meilleur Rond dans le domaine de l&rsquo;activit\u00e9; personnel exp\u00e9riment\u00e9, dynamique et comp\u00e9tente, les entrepreneurs, est de produire de haute qualit\u00e9 et d&rsquo;excellents produits et une approche ax\u00e9e sur le client avec [&hellip;]<\/p>\n","protected":false},"author":1,"featured_media":0,"parent":0,"menu_order":0,"comment_status":"closed","ping_status":"closed","template":"","meta":{"om_disable_all_campaigns":false,"_monsterinsights_skip_tracking":false,"_monsterinsights_sitenote_active":false,"_monsterinsights_sitenote_note":"","_monsterinsights_sitenote_category":0},"aioseo_notices":[],"_links":{"self":[{"href":"https:\/\/www.rondi.com.tr\/fr\/wp-json\/wp\/v2\/pages\/7929"}],"collection":[{"href":"https:\/\/www.rondi.com.tr\/fr\/wp-json\/wp\/v2\/pages"}],"about":[{"href":"https:\/\/www.rondi.com.tr\/fr\/wp-json\/wp\/v2\/types\/page"}],"author":[{"embeddable":true,"href":"https:\/\/www.rondi.com.tr\/fr\/wp-json\/wp\/v2\/users\/1"}],"replies":[{"embeddable":true,"href":"https:\/\/www.rondi.com.tr\/fr\/wp-json\/wp\/v2\/comments?post=7929"}],"version-history":[{"count":23,"href":"https:\/\/www.rondi.com.tr\/fr\/wp-json\/wp\/v2\/pages\/7929\/revisions"}],"predecessor-version":[{"id":10859,"href":"https:\/\/www.rondi.com.tr\/fr\/wp-json\/wp\/v2\/pages\/7929\/revisions\/10859"}],"wp:attachment":[{"href":"https:\/\/www.rondi.com.tr\/fr\/wp-json\/wp\/v2\/media?parent=7929"}],"curies":[{"name":"wp","href":"https:\/\/api.w.org\/{rel}","templated":true}]}}