{"id":5255,"date":"2017-02-01T11:53:13","date_gmt":"2017-02-01T11:53:13","guid":{"rendered":"http:\/\/ambient.elated-themes.com\/?page_id=5255"},"modified":"2023-05-16T17:31:52","modified_gmt":"2023-05-16T14:31:52","slug":"tarihce","status":"publish","type":"page","link":"https:\/\/www.rondi.com.tr\/fr\/tarihce\/","title":{"rendered":"HISTORIE"},"content":{"rendered":"<p>[vc_row][vc_column][vc_single_image image=\u00a0\u00bb7919&Prime; img_size=\u00a0\u00bbfull\u00a0\u00bb alignment=\u00a0\u00bbcenter\u00a0\u00bb][\/vc_column][\/vc_row][vc_row css=\u00a0\u00bb.vc_custom_1492180941270{padding-top: 25px !important;padding-bottom: 61px !important;}\u00a0\u00bb][vc_column][vc_column_text]<\/p>\n<div>\n<div><span style=\"color: #000000; font-size: 18px; font-weight: 500;\">Notre soci\u00e9t\u00e9 a \u00e9t\u00e9 cr\u00e9\u00e9e en 1986 dans \u0130zmir Karaba\u011flar Industrial Site par \u00c7o\u011fun Mobilya San. Tic. Ltd. Sti. . Nos activit\u00e9s, qui ont commenc\u00e9 avec un processus de fabrication unique, ont apport\u00e9 la gamme de produits \u00e0 nos jours, en tenant compte des besoins des clients et des besoins de l&rsquo;industrie. Dans ce processus de d\u00e9veloppement, notre soci\u00e9t\u00e9 a commenc\u00e9 \u00e0 produire ses produits en 1992 sous le nom de marque rondi dans le but d&rsquo;\u00eatre accept\u00e9e non seulement sur le march\u00e9 national, mais aussi sur le march\u00e9 international.<\/span><\/div>\n<div><span style=\"color: #000000; font-size: 18px; font-weight: 500;\">\u00a0<\/span><\/div>\n<div><span style=\"color: #000000; font-size: 18px; font-weight: 500;\">En 2010, nous avons augment\u00e9 notre gamme de produits et notre capacit\u00e9 en transportant nos nouvelles usines de fabrication dans la r\u00e9gion de Karaba\u011flar, Torbali, Yaz\u0131ba\u015f\u0131 avec une superficie ferm\u00e9e de 8 000 m\u00e8tres carr\u00e9s et un total de 15 000 m\u00e8tres carr\u00e9s.<\/span><\/div>\n<h4><span style=\"color: #000000; font-size: 18px; font-weight: 500;\">Tout en augmentant la capacit\u00e9 et la vari\u00e9t\u00e9 de produits de notre entreprise, nous avons assimil\u00e9 les 3 id\u00e9es principales suivantes:<br \/>\n<\/span><\/h4>\n<ul class=\"check\">\n<li><span style=\"color: #000000; font-size: 18px; font-weight: 500;\">Produit de Qualit\u00e9,<\/span><\/li>\n<li><span style=\"color: #000000; font-size: 18px; font-weight: 500;\">Prix Raisonnable,<\/span><\/li>\n<li><span style=\"color: #000000; font-size: 18px; font-weight: 500;\">100% de satisfaction du client.<\/span><\/li>\n<\/ul>\n<h4><span style=\"color: #000000; font-size: 18px; font-weight: 500;\">Rappelez-vous que les produits de qualit\u00e9 sont des clients de qualit\u00e9 comme vous.<\/span><\/h4>\n<\/div>\n<p>[\/vc_column_text][\/vc_column][\/vc_row][vc_row css=\u00a0\u00bb.vc_custom_1492180000366{margin-top: 100px !important;padding-top: 100px !important;padding-bottom: 129px !important;background-color: #f7f5f5 !important;}\u00a0\u00bb][vc_column][vc_row_inner row_content_width=\u00a0\u00bbgrid\u00a0\u00bb css=\u00a0\u00bb.vc_custom_1485852024237{margin-top: -247px !important;background-color: #ffffff !important;}\u00a0\u00bb][vc_column_inner width=\u00a0\u00bb1\/3&Prime; css=\u00a0\u00bb.vc_custom_1487074556155{border-right-width: 1px !important;padding-top: 19.4% !important;padding-right: 10% !important;padding-bottom: 21.8% !important;padding-left: 10% !important;border-right-color: #e1e1e1 !important;border-right-style: solid !important;}\u00a0\u00bb]<div class=\"eltdf-iwt clearfix eltdf-iwt-icon-top eltdf-iwt-icon-medium\">\n    <div class=\"eltdf-iwt-icon\">\n                                        <span class=\"eltdf-icon-shortcode eltdf-normal eltdf-icon-medium\"  >\n                    <i class=\"eltdf-icon-font-awesome fa fa-asterisk eltdf-icon-element\" style=\"\" ><\/i>            <\/span>\n                        <\/div>\n    <div class=\"eltdf-iwt-content\" >\n\t    \t        <h4 class=\"eltdf-iwt-title\" >\n\t\t\t    \t               Produit de Qualit\u00e9\t\t\t                <\/h4>\n\t    \t\t    <\/div>\n<\/div>[vc_empty_space height=\u00a0\u00bb8px\u00a0\u00bb]<div class=\"eltdf-separator-holder clearfix  eltdf-separator-center eltdf-separator-normal\">\n\t<div class=\"eltdf-separator\" style=\"border-color: #dfb947;width: 80px;border-bottom-width: 2px\"><\/div>\n<\/div>\n[\/vc_column_inner][vc_column_inner width=\u00a0\u00bb1\/3&Prime; css=\u00a0\u00bb.vc_custom_1487074533896{border-right-width: 1px !important;padding-top: 19.4% !important;padding-right: 10% !important;padding-bottom: 21.8% !important;padding-left: 10% !important;border-right-color: #e1e1e1 !important;border-right-style: solid !important;}\u00a0\u00bb]<div class=\"eltdf-iwt clearfix eltdf-iwt-icon-top eltdf-iwt-icon-medium\">\n    <div class=\"eltdf-iwt-icon\">\n                                        <span class=\"eltdf-icon-shortcode eltdf-normal eltdf-icon-medium\"  >\n                    <i class=\"eltdf-icon-font-awesome fa fa-plus eltdf-icon-element\" style=\"\" ><\/i>            <\/span>\n                        <\/div>\n    <div class=\"eltdf-iwt-content\" >\n\t    \t        <h4 class=\"eltdf-iwt-title\" >\n\t\t\t    \t               Prix Raisonnable\t\t\t                <\/h4>\n\t    \t\t    <\/div>\n<\/div>[vc_empty_space height=\u00a0\u00bb8px\u00a0\u00bb]<div class=\"eltdf-separator-holder clearfix  eltdf-separator-center eltdf-separator-normal\">\n\t<div class=\"eltdf-separator\" style=\"border-color: #dfb947;width: 80px;border-bottom-width: 2px\"><\/div>\n<\/div>\n[\/vc_column_inner][vc_column_inner width=\u00a0\u00bb1\/3&Prime; css=\u00a0\u00bb.vc_custom_1487074566623{border-right-width: 1px !important;padding-top: 19.4% !important;padding-right: 10% !important;padding-bottom: 21.8% !important;padding-left: 10% !important;border-right-color: #ffffff !important;border-right-style: solid !important;}\u00a0\u00bb]<div class=\"eltdf-iwt clearfix eltdf-iwt-icon-top eltdf-iwt-icon-medium\">\n    <div class=\"eltdf-iwt-icon\">\n                                        <span class=\"eltdf-icon-shortcode eltdf-normal eltdf-icon-medium\"  >\n                    <i class=\"eltdf-icon-font-awesome fa fa-user eltdf-icon-element\" style=\"\" ><\/i>            <\/span>\n                        <\/div>\n    <div class=\"eltdf-iwt-content\" >\n\t    \t        <h4 class=\"eltdf-iwt-title\" >\n\t\t\t    \t               100% de Satisfaction du Client.\t\t\t                <\/h4>\n\t    \t\t    <\/div>\n<\/div>[vc_empty_space height=\u00a0\u00bb8px\u00a0\u00bb]<div class=\"eltdf-separator-holder clearfix  eltdf-separator-center eltdf-separator-normal\">\n\t<div class=\"eltdf-separator\" style=\"border-color: #dfb947;width: 80px;border-bottom-width: 2px\"><\/div>\n<\/div>\n[\/vc_column_inner][\/vc_row_inner][\/vc_column][\/vc_row]<\/p>","protected":false},"excerpt":{"rendered":"<p>[vc_row][vc_column][vc_single_image image=\u00a0\u00bb7919&Prime; img_size=\u00a0\u00bbfull\u00a0\u00bb alignment=\u00a0\u00bbcenter\u00a0\u00bb][\/vc_column][\/vc_row][vc_row css=\u00a0\u00bb.vc_custom_1492180941270{padding-top: 25px !important;padding-bottom: 61px !important;}\u00a0\u00bb][vc_column][vc_column_text] Notre soci\u00e9t\u00e9 a \u00e9t\u00e9 cr\u00e9\u00e9e en 1986 dans \u0130zmir Karaba\u011flar Industrial Site par \u00c7o\u011fun Mobilya San. Tic. Ltd. Sti. . Nos activit\u00e9s, qui ont commenc\u00e9 avec un processus de fabrication unique, ont apport\u00e9 la gamme de [&hellip;]<\/p>\n","protected":false},"author":1,"featured_media":0,"parent":0,"menu_order":0,"comment_status":"closed","ping_status":"closed","template":"","meta":{"om_disable_all_campaigns":false,"_monsterinsights_skip_tracking":false,"_monsterinsights_sitenote_active":false,"_monsterinsights_sitenote_note":"","_monsterinsights_sitenote_category":0},"aioseo_notices":[],"_links":{"self":[{"href":"https:\/\/www.rondi.com.tr\/fr\/wp-json\/wp\/v2\/pages\/5255"}],"collection":[{"href":"https:\/\/www.rondi.com.tr\/fr\/wp-json\/wp\/v2\/pages"}],"about":[{"href":"https:\/\/www.rondi.com.tr\/fr\/wp-json\/wp\/v2\/types\/page"}],"author":[{"embeddable":true,"href":"https:\/\/www.rondi.com.tr\/fr\/wp-json\/wp\/v2\/users\/1"}],"replies":[{"embeddable":true,"href":"https:\/\/www.rondi.com.tr\/fr\/wp-json\/wp\/v2\/comments?post=5255"}],"version-history":[{"count":30,"href":"https:\/\/www.rondi.com.tr\/fr\/wp-json\/wp\/v2\/pages\/5255\/revisions"}],"predecessor-version":[{"id":10857,"href":"https:\/\/www.rondi.com.tr\/fr\/wp-json\/wp\/v2\/pages\/5255\/revisions\/10857"}],"wp:attachment":[{"href":"https:\/\/www.rondi.com.tr\/fr\/wp-json\/wp\/v2\/media?parent=5255"}],"curies":[{"name":"wp","href":"https:\/\/api.w.org\/{rel}","templated":true}]}}