{"id":4590,"date":"2017-01-26T14:07:18","date_gmt":"2017-01-26T11:07:18","guid":{"rendered":"http:\/\/ambient.elated-themes.com\/?page_id=4590"},"modified":"2020-03-05T15:33:14","modified_gmt":"2020-03-05T12:33:14","slug":"genel-mudurun-mesaji","status":"publish","type":"page","link":"https:\/\/www.rondi.com.tr\/fr\/genel-mudurun-mesaji\/","title":{"rendered":"MESSAGE DU GESTIONNAIRE G\u00c9N\u00c9RAL"},"content":{"rendered":"<p>[vc_row css=\u00a0\u00bb.vc_custom_1494092871027{padding-top: 72px !important;padding-bottom: 122px !important;background-image: url(http:\/\/www.rondi.com.tr\/wp-content\/uploads\/2017\/01\/rondi-background.jpg?id=7969) !important;background-position: center !important;background-repeat: no-repeat !important;background-size: cover !important;}\u00a0\u00bb][vc_column][vc_row_inner row_content_width=\u00a0\u00bbgrid\u00a0\u00bb][vc_column_inner offset=\u00a0\u00bbvc_col-lg-6 vc_col-md-8&Prime;][vc_column_text]<\/p>\n<h3><strong>Message du Gestionnaire G\u00e9n\u00e9ral<\/strong><\/h3>\n<p>[\/vc_column_text][vc_empty_space height=\u00a0\u00bb2px\u00a0\u00bb][vc_column_text]<strong>Notre Chers consommateurs, partenaires commerciaux, employ\u00e9s,<\/strong><\/p>\n<p><strong>Rondi<\/strong>, a commenc\u00e9 ses op\u00e9rations en 1986 avec la fabrication de si\u00e8ges. Il a \u00e9t\u00e9 l&rsquo;ann\u00e9e Ron adoptant une ligne novatrice daujourd&rsquo;hui a pris sa place parmi les principaux fabricants de meubles en Turquie.<\/p>\n<p>Nous continuons \u00e0 nos propres int\u00e9r\u00eats les int\u00e9r\u00eats de nos clients, la satisfaction de la client\u00e8le continue, notre en apportant la position actuelle de notre altruiste rythme de travail, notre entreprise et notre succ\u00e8s dans notre ayant une part importante du march\u00e9 en peu de temps le secteur sont quelques-unes des raisons importantes.<\/p>\n<p>Qu&rsquo;est-ce que vous voulez \u00eatre dans ce monde de meubles de haute qualit\u00e9, notre porte est ouverte \u00e0 tout le monde; Vous voulez d\u00e9corer leurs maisons avec nos produits et nos clients heureux, si les partenaires commerciaux qui ont d\u00e9cid\u00e9 d&rsquo;investir dans la production de meubles si vous voulez que le personnel qui veulent travailler avec nos objectifs d&rsquo;organisation et de carri\u00e8re. Le choix vous appartient &#8230;<\/p>\n<p>Nous sommes en coop\u00e9ration avec toutes les organisations, nos employ\u00e9s et nos clients, nous les remercions pour leur soutien et les contributions qui continuent \u00e0 augmenter.<\/p>\n<p>Sinc\u00e8rement,<br \/>\n<strong>Directeur G\u00e9n\u00e9ral<\/strong>[\/vc_column_text][\/vc_column_inner][\/vc_row_inner][\/vc_column][\/vc_row]<\/p>","protected":false},"excerpt":{"rendered":"<p>[vc_row css=\u00a0\u00bb.vc_custom_1494092871027{padding-top: 72px !important;padding-bottom: 122px !important;background-image: url(http:\/\/www.rondi.com.tr\/wp-content\/uploads\/2017\/01\/rondi-background.jpg?id=7969) !important;background-position: center !important;background-repeat: no-repeat !important;background-size: cover !important;}\u00a0\u00bb][vc_column][vc_row_inner row_content_width=\u00a0\u00bbgrid\u00a0\u00bb][vc_column_inner offset=\u00a0\u00bbvc_col-lg-6 vc_col-md-8&Prime;][vc_column_text] Message du Gestionnaire G\u00e9n\u00e9ral [\/vc_column_text][vc_empty_space height=\u00a0\u00bb2px\u00a0\u00bb][vc_column_text]Notre Chers consommateurs, partenaires commerciaux, employ\u00e9s, Rondi, a commenc\u00e9 ses op\u00e9rations en 1986 avec la fabrication de si\u00e8ges. Il a \u00e9t\u00e9 l&rsquo;ann\u00e9e Ron [&hellip;]<\/p>\n","protected":false},"author":1,"featured_media":0,"parent":0,"menu_order":0,"comment_status":"closed","ping_status":"closed","template":"","meta":{"om_disable_all_campaigns":false,"_monsterinsights_skip_tracking":false,"_monsterinsights_sitenote_active":false,"_monsterinsights_sitenote_note":"","_monsterinsights_sitenote_category":0},"aioseo_notices":[],"_links":{"self":[{"href":"https:\/\/www.rondi.com.tr\/fr\/wp-json\/wp\/v2\/pages\/4590"}],"collection":[{"href":"https:\/\/www.rondi.com.tr\/fr\/wp-json\/wp\/v2\/pages"}],"about":[{"href":"https:\/\/www.rondi.com.tr\/fr\/wp-json\/wp\/v2\/types\/page"}],"author":[{"embeddable":true,"href":"https:\/\/www.rondi.com.tr\/fr\/wp-json\/wp\/v2\/users\/1"}],"replies":[{"embeddable":true,"href":"https:\/\/www.rondi.com.tr\/fr\/wp-json\/wp\/v2\/comments?post=4590"}],"version-history":[{"count":23,"href":"https:\/\/www.rondi.com.tr\/fr\/wp-json\/wp\/v2\/pages\/4590\/revisions"}],"predecessor-version":[{"id":9719,"href":"https:\/\/www.rondi.com.tr\/fr\/wp-json\/wp\/v2\/pages\/4590\/revisions\/9719"}],"wp:attachment":[{"href":"https:\/\/www.rondi.com.tr\/fr\/wp-json\/wp\/v2\/media?parent=4590"}],"curies":[{"name":"wp","href":"https:\/\/api.w.org\/{rel}","templated":true}]}}