{"id":5255,"date":"2017-02-01T11:53:13","date_gmt":"2017-02-01T11:53:13","guid":{"rendered":"http:\/\/ambient.elated-themes.com\/?page_id=5255"},"modified":"2023-05-16T17:31:52","modified_gmt":"2023-05-16T14:31:52","slug":"tarihce","status":"publish","type":"page","link":"https:\/\/www.rondi.com.tr\/en\/tarihce\/","title":{"rendered":"HISTORY"},"content":{"rendered":"<p>[vc_row][vc_column][vc_single_image image=&#8221;7919&#8243; img_size=&#8221;full&#8221; alignment=&#8221;center&#8221;][\/vc_column][\/vc_row][vc_row css=&#8221;.vc_custom_1492180941270{padding-top: 25px !important;padding-bottom: 61px !important;}&#8221;][vc_column][vc_column_text]<\/p>\n<div><span style=\"color: #000000; font-size: 18px; font-weight: 500;\">Our company was established in 1986 in \u0130zmir Karaba\u011flar Industrial Site by \u00c7o\u011fun Mobilya San. Tic. Ltd. Sti. . Our activities, which started with a single manufacturing process, have brought the product range to the present day, taking into account the needs of the customers and the needs of the industry. In this development process, our company started to produce its products in 1992 under the name of rondi brand with the goal of being accepted not only in national market but also in international market.<\/span><\/div>\n<div><span style=\"color: #000000; font-size: 18px; font-weight: 500;\">\u00a0<\/span><\/div>\n<div><span style=\"color: #000000; font-size: 18px; font-weight: 500;\">As of 2010, we have increased our product range and capacity by carrying our new manufacturing plants in Karaba\u011flar, Torbali, Yaz\u0131ba\u015f\u0131 region with 8000 square meters closed area and total 15000 square meters.<\/span><\/div>\n<h4><span style=\"color: #000000; font-size: 18px; font-weight: 500;\">While increasing our company&#8217;s capacity and product variety, we have assimilated the following 3 main ideas;<br \/>\n<\/span><\/h4>\n<ul class=\"check\">\n<li><span style=\"color: #000000; font-size: 18px; font-weight: 500;\">Quality Product,<\/span><\/li>\n<li><span style=\"color: #000000; font-size: 18px; font-weight: 500;\">Reasonable Price,<\/span><\/li>\n<li><span style=\"color: #000000; font-size: 18px; font-weight: 500;\">100% Customer Satisfaction.<\/span><\/li>\n<\/ul>\n<h4><span style=\"color: #000000; font-size: 18px; font-weight: 500;\">Remember that quality products are quality customers like you.<\/span><\/h4>\n<p>[\/vc_column_text][\/vc_column][\/vc_row][vc_row css=&#8221;.vc_custom_1492180000366{margin-top: 100px !important;padding-top: 100px !important;padding-bottom: 129px !important;background-color: #f7f5f5 !important;}&#8221;][vc_column][vc_row_inner row_content_width=&#8221;grid&#8221; css=&#8221;.vc_custom_1485852024237{margin-top: -247px !important;background-color: #ffffff !important;}&#8221;][vc_column_inner width=&#8221;1\/3&#8243; css=&#8221;.vc_custom_1487074556155{border-right-width: 1px !important;padding-top: 19.4% !important;padding-right: 10% !important;padding-bottom: 21.8% !important;padding-left: 10% !important;border-right-color: #e1e1e1 !important;border-right-style: solid !important;}&#8221;]<div class=\"eltdf-iwt clearfix eltdf-iwt-icon-top eltdf-iwt-icon-medium\">\n    <div class=\"eltdf-iwt-icon\">\n                                        <span class=\"eltdf-icon-shortcode eltdf-normal eltdf-icon-medium\"  >\n                    <i class=\"eltdf-icon-font-awesome fa fa-asterisk eltdf-icon-element\" style=\"\" ><\/i>            <\/span>\n                        <\/div>\n    <div class=\"eltdf-iwt-content\" >\n\t    \t        <h4 class=\"eltdf-iwt-title\" >\n\t\t\t    \t               Quality Products\t\t\t                <\/h4>\n\t    \t\t    <\/div>\n<\/div>[vc_empty_space height=&#8221;8px&#8221;]<div class=\"eltdf-separator-holder clearfix  eltdf-separator-center eltdf-separator-normal\">\n\t<div class=\"eltdf-separator\" style=\"border-color: #dfb947;width: 80px;border-bottom-width: 2px\"><\/div>\n<\/div>\n[\/vc_column_inner][vc_column_inner width=&#8221;1\/3&#8243; css=&#8221;.vc_custom_1487074533896{border-right-width: 1px !important;padding-top: 19.4% !important;padding-right: 10% !important;padding-bottom: 21.8% !important;padding-left: 10% !important;border-right-color: #e1e1e1 !important;border-right-style: solid !important;}&#8221;]<div class=\"eltdf-iwt clearfix eltdf-iwt-icon-top eltdf-iwt-icon-medium\">\n    <div class=\"eltdf-iwt-icon\">\n                                        <span class=\"eltdf-icon-shortcode eltdf-normal eltdf-icon-medium\"  >\n                    <i class=\"eltdf-icon-font-awesome fa fa-plus eltdf-icon-element\" style=\"\" ><\/i>            <\/span>\n                        <\/div>\n    <div class=\"eltdf-iwt-content\" >\n\t    \t        <h4 class=\"eltdf-iwt-title\" >\n\t\t\t    \t               Reasonable Price\t\t\t                <\/h4>\n\t    \t\t    <\/div>\n<\/div>[vc_empty_space height=&#8221;8px&#8221;]<div class=\"eltdf-separator-holder clearfix  eltdf-separator-center eltdf-separator-normal\">\n\t<div class=\"eltdf-separator\" style=\"border-color: #dfb947;width: 80px;border-bottom-width: 2px\"><\/div>\n<\/div>\n[\/vc_column_inner][vc_column_inner width=&#8221;1\/3&#8243; css=&#8221;.vc_custom_1487074566623{border-right-width: 1px !important;padding-top: 19.4% !important;padding-right: 10% !important;padding-bottom: 21.8% !important;padding-left: 10% !important;border-right-color: #ffffff !important;border-right-style: solid !important;}&#8221;]<div class=\"eltdf-iwt clearfix eltdf-iwt-icon-top eltdf-iwt-icon-medium\">\n    <div class=\"eltdf-iwt-icon\">\n                                        <span class=\"eltdf-icon-shortcode eltdf-normal eltdf-icon-medium\"  >\n                    <i class=\"eltdf-icon-font-awesome fa fa-user eltdf-icon-element\" style=\"\" ><\/i>            <\/span>\n                        <\/div>\n    <div class=\"eltdf-iwt-content\" >\n\t    \t        <h4 class=\"eltdf-iwt-title\" >\n\t\t\t    \t               %100 Customer Happiness\t\t\t                <\/h4>\n\t    \t\t    <\/div>\n<\/div>[vc_empty_space height=&#8221;8px&#8221;]<div class=\"eltdf-separator-holder clearfix  eltdf-separator-center eltdf-separator-normal\">\n\t<div class=\"eltdf-separator\" style=\"border-color: #dfb947;width: 80px;border-bottom-width: 2px\"><\/div>\n<\/div>\n[\/vc_column_inner][\/vc_row_inner][\/vc_column][\/vc_row]<\/p>","protected":false},"excerpt":{"rendered":"<p>[vc_row][vc_column][vc_single_image image=&#8221;7919&#8243; img_size=&#8221;full&#8221; alignment=&#8221;center&#8221;][\/vc_column][\/vc_row][vc_row css=&#8221;.vc_custom_1492180941270{padding-top: 25px !important;padding-bottom: 61px !important;}&#8221;][vc_column][vc_column_text] Our company was established in 1986 in \u0130zmir Karaba\u011flar Industrial Site by \u00c7o\u011fun Mobilya San. Tic. Ltd. Sti. . Our activities, which started with a single manufacturing process, have brought the product range to the present [&hellip;]<\/p>\n","protected":false},"author":1,"featured_media":0,"parent":0,"menu_order":0,"comment_status":"closed","ping_status":"closed","template":"","meta":{"om_disable_all_campaigns":false,"_monsterinsights_skip_tracking":false,"_monsterinsights_sitenote_active":false,"_monsterinsights_sitenote_note":"","_monsterinsights_sitenote_category":0},"aioseo_notices":[],"_links":{"self":[{"href":"https:\/\/www.rondi.com.tr\/en\/wp-json\/wp\/v2\/pages\/5255"}],"collection":[{"href":"https:\/\/www.rondi.com.tr\/en\/wp-json\/wp\/v2\/pages"}],"about":[{"href":"https:\/\/www.rondi.com.tr\/en\/wp-json\/wp\/v2\/types\/page"}],"author":[{"embeddable":true,"href":"https:\/\/www.rondi.com.tr\/en\/wp-json\/wp\/v2\/users\/1"}],"replies":[{"embeddable":true,"href":"https:\/\/www.rondi.com.tr\/en\/wp-json\/wp\/v2\/comments?post=5255"}],"version-history":[{"count":30,"href":"https:\/\/www.rondi.com.tr\/en\/wp-json\/wp\/v2\/pages\/5255\/revisions"}],"predecessor-version":[{"id":10857,"href":"https:\/\/www.rondi.com.tr\/en\/wp-json\/wp\/v2\/pages\/5255\/revisions\/10857"}],"wp:attachment":[{"href":"https:\/\/www.rondi.com.tr\/en\/wp-json\/wp\/v2\/media?parent=5255"}],"curies":[{"name":"wp","href":"https:\/\/api.w.org\/{rel}","templated":true}]}}