{"id":4920,"date":"2017-01-30T15:30:18","date_gmt":"2017-01-30T12:30:18","guid":{"rendered":"http:\/\/ambient.elated-themes.com\/?page_id=4920"},"modified":"2023-05-12T17:39:35","modified_gmt":"2023-05-12T14:39:35","slug":"iletisim","status":"publish","type":"page","link":"https:\/\/www.rondi.com.tr\/en\/iletisim\/","title":{"rendered":"CONTACT"},"content":{"rendered":"<p>[vc_row][vc_column]\n<div class=\"wpcf7 no-js\" id=\"wpcf7-f8005-o2\" lang=\"tr-TR\" dir=\"ltr\">\n<div class=\"screen-reader-response\"><p role=\"status\" aria-live=\"polite\" aria-atomic=\"true\"><\/p> <ul><\/ul><\/div>\n<form action=\"\/en\/wp-json\/wp\/v2\/pages\/4920#wpcf7-f8005-o2\" method=\"post\" class=\"wpcf7-form init\" aria-label=\"Contact form\" novalidate=\"novalidate\" data-status=\"init\">\n<div style=\"display: none;\">\n<input type=\"hidden\" name=\"_wpcf7\" value=\"8005\" \/>\n<input type=\"hidden\" name=\"_wpcf7_version\" value=\"5.7.6\" \/>\n<input type=\"hidden\" name=\"_wpcf7_locale\" value=\"tr_TR\" \/>\n<input type=\"hidden\" name=\"_wpcf7_unit_tag\" value=\"wpcf7-f8005-o2\" \/>\n<input type=\"hidden\" name=\"_wpcf7_container_post\" value=\"0\" \/>\n<input type=\"hidden\" name=\"_wpcf7_posted_data_hash\" value=\"\" \/>\n<\/div>\n<div class=\"row\">\n\t<div class=\"col-md-3\">\n\t\t<div>\n\t\t\t<p><label> Name - Surname (<span style=\"color:#f09;\">*<\/span>)<span class=\"wpcf7-form-control-wrap\" data-name=\"your-name\"><input size=\"40\" class=\"wpcf7-form-control wpcf7-text wpcf7-validates-as-required\" aria-required=\"true\" aria-invalid=\"false\" value=\"\" type=\"text\" name=\"your-name\" \/><\/span> <\/label>\n\t\t\t<\/p>\n\t\t<\/div>\n\t<\/div>\n\t<div class=\"col-md-3\">\n\t\t<div>\n\t\t\t<p><label> E-Mail (<span style=\"color:#f09;\">*<\/span>)<span class=\"wpcf7-form-control-wrap\" data-name=\"your-email\"><input size=\"40\" class=\"wpcf7-form-control wpcf7-text wpcf7-email wpcf7-validates-as-required wpcf7-validates-as-email\" aria-required=\"true\" aria-invalid=\"false\" value=\"\" type=\"email\" name=\"your-email\" \/><\/span> <\/label>\n\t\t\t<\/p>\n\t\t<\/div>\n\t<\/div>\n\t<div class=\"col-md-3\">\n\t\t<div>\n\t\t\t<p><label> Telephone <span class=\"wpcf7-form-control-wrap\" data-name=\"text-200\"><input size=\"40\" class=\"wpcf7-form-control wpcf7-text\" aria-invalid=\"false\" value=\"\" type=\"text\" name=\"text-200\" \/><\/span> <\/label>\n\t\t\t<\/p>\n\t\t<\/div>\n\t<\/div>\n\t<div class=\"col-md-3\">\n\t\t<div>\n\t\t\t<p><label> Subject <span class=\"wpcf7-form-control-wrap\" data-name=\"text-901\"><input size=\"40\" class=\"wpcf7-form-control wpcf7-text\" aria-invalid=\"false\" value=\"\" type=\"text\" name=\"text-901\" \/><\/span> <\/label>\n\t\t\t<\/p>\n\t\t<\/div>\n\t<\/div>\n<\/div>\n<div class=\"row\">\n\t<div class=\"col-md-12\">\n\t\t<div>\n\t\t\t<p><label> Your Message <span class=\"wpcf7-form-control-wrap\" data-name=\"your-message\"><textarea cols=\"40\" rows=\"10\" class=\"wpcf7-form-control wpcf7-textarea wpcf7-validates-as-required\" aria-required=\"true\" aria-invalid=\"false\" name=\"your-message\"><\/textarea><\/span> <\/label>\n\t\t\t<\/p>\n\t\t<\/div>\n\t<\/div>\n<\/div>\n<p><input class=\"wpcf7-form-control has-spinner wpcf7-submit\" type=\"submit\" value=\"Send\" \/>\n<\/p><div class=\"wpcf7-response-output\" aria-hidden=\"true\"><\/div>\n<\/form>\n<\/div>\n[\/vc_column][\/vc_row][vc_row css=&#8221;.vc_custom_1493714641538{margin-top: 50px !important;}&#8221;][vc_column][vc_column_text]<iframe loading=\"lazy\" style=\"border: 0;\" src=\"https:\/\/www.google.com\/maps\/embed?pb=!1m18!1m12!1m3!1d3134.2148005541217!2d27.315108751284594!3d38.22812267957964!2m3!1f0!2f0!3f0!3m2!1i1024!2i768!4f13.1!3m3!1m2!1s0x14b95cffb595434d%3A0x6d53539a4f31fc48!2zUk9ORMSwIE1PQsSwTFlB!5e0!3m2!1str!2str!4v1490913620679\" width=\"100%\" height=\"450\" frameborder=\"0\" allowfullscreen=\"allowfullscreen\"><\/iframe>[\/vc_column_text][\/vc_column][\/vc_row][vc_row css=&#8221;.vc_custom_1519114813465{margin-bottom: 50px !important;}&#8221;][vc_column][vc_column_text]<\/p>\n<h3 style=\"text-align: center;\">ROND\u0130 MOB\u0130LYA<\/h3>\n<p style=\"text-align: center; font-size: 18px;\">29 Ekim Mahallesi Nam\u0131k Kemal Caddesi No:125 Yaz\u0131ba\u015f\u0131 \u2013 \u0130ZM\u0130R<\/p>\n<p style=\"text-align: center; font-size: 18px;\"><a href=\"mailto:info@www.rondi.com.tr\">info@www.rondi.com.tr<\/a><\/p>\n<p style=\"text-align: center; font-size: 18px;\"><a href=\"tel:+902328537323\">+90 232 853 73 23<\/a><\/p>\n<p>[\/vc_column_text][\/vc_column][\/vc_row]<\/p>","protected":false},"excerpt":{"rendered":"<p>[vc_row][vc_column][\/vc_column][\/vc_row][vc_row css=&#8221;.vc_custom_1493714641538{margin-top: 50px !important;}&#8221;][vc_column][vc_column_text][\/vc_column_text][\/vc_column][\/vc_row][vc_row css=&#8221;.vc_custom_1519114813465{margin-bottom: 50px !important;}&#8221;][vc_column][vc_column_text] ROND\u0130 MOB\u0130LYA 29 Ekim Mahallesi Nam\u0131k Kemal Caddesi No:125 Yaz\u0131ba\u015f\u0131 \u2013 \u0130ZM\u0130R info@www.rondi.com.tr +90 232 853 73 23 [\/vc_column_text][\/vc_column][\/vc_row]<\/p>\n","protected":false},"author":1,"featured_media":0,"parent":0,"menu_order":0,"comment_status":"closed","ping_status":"closed","template":"","meta":{"om_disable_all_campaigns":false,"_monsterinsights_skip_tracking":false,"_monsterinsights_sitenote_active":false,"_monsterinsights_sitenote_note":"","_monsterinsights_sitenote_category":0},"aioseo_notices":[],"_links":{"self":[{"href":"https:\/\/www.rondi.com.tr\/en\/wp-json\/wp\/v2\/pages\/4920"}],"collection":[{"href":"https:\/\/www.rondi.com.tr\/en\/wp-json\/wp\/v2\/pages"}],"about":[{"href":"https:\/\/www.rondi.com.tr\/en\/wp-json\/wp\/v2\/types\/page"}],"author":[{"embeddable":true,"href":"https:\/\/www.rondi.com.tr\/en\/wp-json\/wp\/v2\/users\/1"}],"replies":[{"embeddable":true,"href":"https:\/\/www.rondi.com.tr\/en\/wp-json\/wp\/v2\/comments?post=4920"}],"version-history":[{"count":29,"href":"https:\/\/www.rondi.com.tr\/en\/wp-json\/wp\/v2\/pages\/4920\/revisions"}],"predecessor-version":[{"id":7612,"href":"https:\/\/www.rondi.com.tr\/en\/wp-json\/wp\/v2\/pages\/4920\/revisions\/7612"}],"wp:attachment":[{"href":"https:\/\/www.rondi.com.tr\/en\/wp-json\/wp\/v2\/media?parent=4920"}],"curies":[{"name":"wp","href":"https:\/\/api.w.org\/{rel}","templated":true}]}}